{"id":20338,"date":"2020-12-12T20:38:39","date_gmt":"2020-12-12T17:38:39","guid":{"rendered":"https:\/\/xon.com.tr\/tur\/?post_type=product&#038;p=20338"},"modified":"2023-03-01T20:00:00","modified_gmt":"2023-03-01T17:00:00","slug":"xon-460-isisal-cilt-makinesi","status":"publish","type":"product","link":"https:\/\/xon.com.tr\/tur\/magaza\/ciltleme\/isisal-cilt-makineleri\/xon-460-isisal-cilt-makinesi\/","title":{"rendered":"XON 360 ISISAL C\u0130LT MAK\u0130NES\u0130"},"content":{"rendered":"","protected":false},"excerpt":{"rendered":"<p><strong>Copy center ve k\u0131rtasiye gibi orta hacimli kullan\u0131c\u0131lara uygun, Otomatik k\u0131r\u0131m \u00f6zelli\u011fine sahip Masa \u00fcst\u00fc amerikan cilt makinas\u0131d\u0131r.<\/strong><\/p>\n<ul>\n<li><strong>Ciltleme Uzunlu\u011fu : 330 mm (A4)<\/strong><\/li>\n<li><strong>Ciltleme Kal\u0131nl\u0131\u011f\u0131 : 38 mm.<\/strong><\/li>\n<li><strong>Tutkal Erime s\u00fcresi : 30 dk.<\/strong><\/li>\n<li><strong>H\u0131z : 200 Cilt \/ Saat<\/strong><\/li>\n<li><strong>G\u00fc\u00e7 T\u00fcketimi : 1500 W<\/strong><\/li>\n<li><strong>Net A\u011f\u0131rl\u0131k : 90 kg.<\/strong><\/li>\n<li><strong>Boyutlar : 640x625x350 mm.<\/strong><\/li>\n<li><strong>Garanti : 2 Y\u0131l<\/strong><\/li>\n<\/ul>\n<p>&nbsp;<\/p>\n","protected":false},"featured_media":20712,"template":"","meta":[],"product_brand":[],"product_cat":[259],"product_tag":[260,128],"class_list":{"0":"post-20338","1":"product","2":"type-product","3":"status-publish","4":"has-post-thumbnail","6":"product_cat-isisal-cilt-makineleri","7":"product_tag-isisal-cilt-makineleri","8":"product_tag-xon","10":"first","11":"instock","12":"taxable","13":"shipping-taxable","14":"purchasable","15":"product-type-simple"},"_links":{"self":[{"href":"https:\/\/xon.com.tr\/tur\/wp-json\/wp\/v2\/product\/20338","targetHints":{"allow":["GET"]}}],"collection":[{"href":"https:\/\/xon.com.tr\/tur\/wp-json\/wp\/v2\/product"}],"about":[{"href":"https:\/\/xon.com.tr\/tur\/wp-json\/wp\/v2\/types\/product"}],"wp:featuredmedia":[{"embeddable":true,"href":"https:\/\/xon.com.tr\/tur\/wp-json\/wp\/v2\/media\/20712"}],"wp:attachment":[{"href":"https:\/\/xon.com.tr\/tur\/wp-json\/wp\/v2\/media?parent=20338"}],"wp:term":[{"taxonomy":"product_brand","embeddable":true,"href":"https:\/\/xon.com.tr\/tur\/wp-json\/wp\/v2\/product_brand?post=20338"},{"taxonomy":"product_cat","embeddable":true,"href":"https:\/\/xon.com.tr\/tur\/wp-json\/wp\/v2\/product_cat?post=20338"},{"taxonomy":"product_tag","embeddable":true,"href":"https:\/\/xon.com.tr\/tur\/wp-json\/wp\/v2\/product_tag?post=20338"}],"curies":[{"name":"wp","href":"https:\/\/api.w.org\/{rel}","templated":true}]}}