{"id":20343,"date":"2020-12-12T22:01:16","date_gmt":"2020-12-12T19:01:16","guid":{"rendered":"https:\/\/xon.com.tr\/tur\/?post_type=product&#038;p=20343"},"modified":"2021-12-13T14:34:19","modified_gmt":"2021-12-13T11:34:19","slug":"xon-tb-55-isisal-cilt-makinesi","status":"publish","type":"product","link":"https:\/\/xon.com.tr\/tur\/magaza\/ciltleme\/isisal-cilt-makineleri\/xon-tb-55-isisal-cilt-makinesi\/","title":{"rendered":"XON TB 55 ISISAL C\u0130LT MAK\u0130NES\u0130"},"content":{"rendered":"","protected":false},"excerpt":{"rendered":"<ul>\n<li><strong>Ciltleme Uzunlu\u011fu : 380 mm.<\/strong><\/li>\n<li><strong>Ciltleme Kal\u0131nl\u0131\u011f\u0131\u00a0\u00a0 :\u00a0 70 mm.<\/strong><\/li>\n<li><strong>G\u00fc\u00e7 T\u00fcketimi\u00a0\u00a0\u00a0\u00a0\u00a0\u00a0\u00a0\u00a0\u00a0 : 600 W<\/strong><\/li>\n<li><strong>A\u011f\u0131rl\u0131k\u00a0\u00a0\u00a0\u00a0\u00a0\u00a0\u00a0\u00a0\u00a0\u00a0\u00a0\u00a0\u00a0\u00a0\u00a0\u00a0\u00a0\u00a0\u00a0\u00a0\u00a0 : 8 kg.<\/strong><\/li>\n<li><strong>Ciltleme S\u00fcresi\u00a0\u00a0\u00a0\u00a0\u00a0 : 45 sn.<\/strong><\/li>\n<li><strong>Garanti\u00a0\u00a0\u00a0\u00a0\u00a0\u00a0\u00a0\u00a0\u00a0\u00a0\u00a0\u00a0\u00a0\u00a0\u00a0\u00a0\u00a0\u00a0 : 2 Y\u0131l<\/strong><\/li>\n<\/ul>\n","protected":false},"featured_media":20717,"template":"","meta":[],"product_brand":[],"product_cat":[259],"product_tag":[260,128],"class_list":{"0":"post-20343","1":"product","2":"type-product","3":"status-publish","4":"has-post-thumbnail","6":"product_cat-isisal-cilt-makineleri","7":"product_tag-isisal-cilt-makineleri","8":"product_tag-xon","10":"first","11":"instock","12":"taxable","13":"shipping-taxable","14":"purchasable","15":"product-type-simple"},"_links":{"self":[{"href":"https:\/\/xon.com.tr\/tur\/wp-json\/wp\/v2\/product\/20343","targetHints":{"allow":["GET"]}}],"collection":[{"href":"https:\/\/xon.com.tr\/tur\/wp-json\/wp\/v2\/product"}],"about":[{"href":"https:\/\/xon.com.tr\/tur\/wp-json\/wp\/v2\/types\/product"}],"wp:featuredmedia":[{"embeddable":true,"href":"https:\/\/xon.com.tr\/tur\/wp-json\/wp\/v2\/media\/20717"}],"wp:attachment":[{"href":"https:\/\/xon.com.tr\/tur\/wp-json\/wp\/v2\/media?parent=20343"}],"wp:term":[{"taxonomy":"product_brand","embeddable":true,"href":"https:\/\/xon.com.tr\/tur\/wp-json\/wp\/v2\/product_brand?post=20343"},{"taxonomy":"product_cat","embeddable":true,"href":"https:\/\/xon.com.tr\/tur\/wp-json\/wp\/v2\/product_cat?post=20343"},{"taxonomy":"product_tag","embeddable":true,"href":"https:\/\/xon.com.tr\/tur\/wp-json\/wp\/v2\/product_tag?post=20343"}],"curies":[{"name":"wp","href":"https:\/\/api.w.org\/{rel}","templated":true}]}}