{"id":20346,"date":"2020-12-12T22:47:38","date_gmt":"2020-12-12T19:47:38","guid":{"rendered":"https:\/\/xon.com.tr\/tur\/?post_type=product&#038;p=20346"},"modified":"2021-12-13T14:40:06","modified_gmt":"2021-12-13T11:40:06","slug":"xon-60-a-isisal-cilt-makinesi","status":"publish","type":"product","link":"https:\/\/xon.com.tr\/tur\/magaza\/ciltleme\/isisal-cilt-makineleri\/xon-60-a-isisal-cilt-makinesi\/","title":{"rendered":"XON 50 A ISISAL C\u0130LT MAK\u0130NES\u0130"},"content":{"rendered":"","protected":false},"excerpt":{"rendered":"<ul>\n<li><strong>Ciltleme Sistemi : Is\u0131sal (Thermal Tutkal)<\/strong><\/li>\n<li><strong>Ciltleme Uzunlu\u011fu : 460 mm.<\/strong><\/li>\n<li><strong>Ciltleme Kal\u0131nl\u0131\u011f\u0131 : 50 mm.<\/strong><\/li>\n<li><strong>Ciltleme H\u0131z\u0131 : 300-350 adet \/ Saat<\/strong><\/li>\n<li><strong>Ciltleme S\u00fcresi : 12 sn.<\/strong><\/li>\n<li><strong>Is\u0131nma S\u00fcresi : 25 dak.<\/strong><\/li>\n<li><strong>S\u0131k\u0131\u015ft\u0131rma Sistemi : Otomatik<\/strong><\/li>\n<li><strong>Net A\u011f\u0131rl\u0131k : 150kg.<\/strong><\/li>\n<li><strong>Boyutlar : 1560x610x1100 mm.<\/strong><\/li>\n<li><strong>Garanti : 2 Y\u0131l<\/strong><\/li>\n<\/ul>\n","protected":false},"featured_media":20716,"template":"","meta":[],"product_brand":[],"product_cat":[259],"product_tag":[260,128],"class_list":{"0":"post-20346","1":"product","2":"type-product","3":"status-publish","4":"has-post-thumbnail","6":"product_cat-isisal-cilt-makineleri","7":"product_tag-isisal-cilt-makineleri","8":"product_tag-xon","10":"first","11":"instock","12":"taxable","13":"shipping-taxable","14":"purchasable","15":"product-type-simple"},"_links":{"self":[{"href":"https:\/\/xon.com.tr\/tur\/wp-json\/wp\/v2\/product\/20346","targetHints":{"allow":["GET"]}}],"collection":[{"href":"https:\/\/xon.com.tr\/tur\/wp-json\/wp\/v2\/product"}],"about":[{"href":"https:\/\/xon.com.tr\/tur\/wp-json\/wp\/v2\/types\/product"}],"wp:featuredmedia":[{"embeddable":true,"href":"https:\/\/xon.com.tr\/tur\/wp-json\/wp\/v2\/media\/20716"}],"wp:attachment":[{"href":"https:\/\/xon.com.tr\/tur\/wp-json\/wp\/v2\/media?parent=20346"}],"wp:term":[{"taxonomy":"product_brand","embeddable":true,"href":"https:\/\/xon.com.tr\/tur\/wp-json\/wp\/v2\/product_brand?post=20346"},{"taxonomy":"product_cat","embeddable":true,"href":"https:\/\/xon.com.tr\/tur\/wp-json\/wp\/v2\/product_cat?post=20346"},{"taxonomy":"product_tag","embeddable":true,"href":"https:\/\/xon.com.tr\/tur\/wp-json\/wp\/v2\/product_tag?post=20346"}],"curies":[{"name":"wp","href":"https:\/\/api.w.org\/{rel}","templated":true}]}}