{"id":20367,"date":"2020-12-16T15:06:32","date_gmt":"2020-12-16T12:06:32","guid":{"rendered":"https:\/\/xon.com.tr\/tur\/?post_type=product&#038;p=20367"},"modified":"2021-02-24T14:30:53","modified_gmt":"2021-02-24T11:30:53","slug":"xon-320-cr-kirim-perforaj-makinesi","status":"publish","type":"product","link":"https:\/\/xon.com.tr\/tur\/magaza\/ciltleme\/kirimperforaj-makineleri\/xon-320-cr-kirim-perforaj-makinesi\/","title":{"rendered":"XON 320 CR KIRIM &#038; PERFORAJ MAK\u0130NES\u0130"},"content":{"rendered":"","protected":false},"excerpt":{"rendered":"<p>&nbsp;<\/p>\n<p><strong>Kolay \u00f6n ayar,arka ve a\u00e7\u0131sal ka\u011f\u0131t klavuzu,0-90 derece k\u0131r\u0131m &amp;perforaj a\u00e7\u0131s\u0131, kodlar\u0131 de\u011fi\u015ftirmek i\u00e7in gerekli basit manuel ayar \u00f6zelli\u011fine sahip, fonksiyonel k\u0131r\u0131m &amp; perforaj makinesi<\/strong><\/p>\n<ul>\n<li><strong>\u00c7ALI\u015eMA ALANI : 315 MM.<\/strong><\/li>\n<li><strong>\u00d6L\u00c7\u00dcLER : 500 X380 X 95 MM<\/strong><\/li>\n<li><strong>A\u011eIRLIK : 11.5 KG.<\/strong><\/li>\n<li><strong>250 GR. KALINLI\u011eA KADAR PERFORAJ<\/strong><\/li>\n<li><strong>400 GR. KALINLI\u011eA KADAR KATLAMA<\/strong><\/li>\n<li><strong>GARANT\u0130 : 2 YIL<\/strong><\/li>\n<\/ul>\n","protected":false},"featured_media":20721,"template":"","meta":[],"product_brand":[],"product_cat":[267],"product_tag":[268,128],"class_list":{"0":"post-20367","1":"product","2":"type-product","3":"status-publish","4":"has-post-thumbnail","6":"product_cat-kirimperforaj-makineleri","7":"product_tag-kirimperforaj-makineleri","8":"product_tag-xon","10":"first","11":"instock","12":"taxable","13":"shipping-taxable","14":"purchasable","15":"product-type-simple"},"_links":{"self":[{"href":"https:\/\/xon.com.tr\/tur\/wp-json\/wp\/v2\/product\/20367","targetHints":{"allow":["GET"]}}],"collection":[{"href":"https:\/\/xon.com.tr\/tur\/wp-json\/wp\/v2\/product"}],"about":[{"href":"https:\/\/xon.com.tr\/tur\/wp-json\/wp\/v2\/types\/product"}],"wp:featuredmedia":[{"embeddable":true,"href":"https:\/\/xon.com.tr\/tur\/wp-json\/wp\/v2\/media\/20721"}],"wp:attachment":[{"href":"https:\/\/xon.com.tr\/tur\/wp-json\/wp\/v2\/media?parent=20367"}],"wp:term":[{"taxonomy":"product_brand","embeddable":true,"href":"https:\/\/xon.com.tr\/tur\/wp-json\/wp\/v2\/product_brand?post=20367"},{"taxonomy":"product_cat","embeddable":true,"href":"https:\/\/xon.com.tr\/tur\/wp-json\/wp\/v2\/product_cat?post=20367"},{"taxonomy":"product_tag","embeddable":true,"href":"https:\/\/xon.com.tr\/tur\/wp-json\/wp\/v2\/product_tag?post=20367"}],"curies":[{"name":"wp","href":"https:\/\/api.w.org\/{rel}","templated":true}]}}