{"id":20369,"date":"2020-12-16T15:57:07","date_gmt":"2020-12-16T12:57:07","guid":{"rendered":"https:\/\/xon.com.tr\/tur\/?post_type=product&#038;p=20369"},"modified":"2021-02-24T14:45:46","modified_gmt":"2021-02-24T11:45:46","slug":"xon-355-kirim-makinesi","status":"publish","type":"product","link":"https:\/\/xon.com.tr\/tur\/magaza\/ciltleme\/kirimperforaj-makineleri\/xon-355-kirim-makinesi\/","title":{"rendered":"XON 460 KIRIM MAK\u0130NES\u0130"},"content":{"rendered":"","protected":false},"excerpt":{"rendered":"<p>&nbsp;<\/p>\n<ul>\n<li><strong>\u00c7ALI\u015eMA ALANI : 460 MM.<\/strong><\/li>\n<li><strong>KA\u011eIT GRAMAJI : 450 GR.<\/strong><\/li>\n<li><strong>\u00d6L\u00c7\u00dcLER : 600 X495 X 130 MM<\/strong><\/li>\n<li><strong>A\u011eIRLIK : 6,5 KG.<\/strong><\/li>\n<li><strong>GARANT\u0130 : 2 YIL<\/strong><\/li>\n<\/ul>\n","protected":false},"featured_media":20724,"template":"","meta":[],"product_brand":[],"product_cat":[267],"product_tag":[268,128],"class_list":{"0":"post-20369","1":"product","2":"type-product","3":"status-publish","4":"has-post-thumbnail","6":"product_cat-kirimperforaj-makineleri","7":"product_tag-kirimperforaj-makineleri","8":"product_tag-xon","10":"first","11":"instock","12":"taxable","13":"shipping-taxable","14":"purchasable","15":"product-type-simple"},"_links":{"self":[{"href":"https:\/\/xon.com.tr\/tur\/wp-json\/wp\/v2\/product\/20369","targetHints":{"allow":["GET"]}}],"collection":[{"href":"https:\/\/xon.com.tr\/tur\/wp-json\/wp\/v2\/product"}],"about":[{"href":"https:\/\/xon.com.tr\/tur\/wp-json\/wp\/v2\/types\/product"}],"wp:featuredmedia":[{"embeddable":true,"href":"https:\/\/xon.com.tr\/tur\/wp-json\/wp\/v2\/media\/20724"}],"wp:attachment":[{"href":"https:\/\/xon.com.tr\/tur\/wp-json\/wp\/v2\/media?parent=20369"}],"wp:term":[{"taxonomy":"product_brand","embeddable":true,"href":"https:\/\/xon.com.tr\/tur\/wp-json\/wp\/v2\/product_brand?post=20369"},{"taxonomy":"product_cat","embeddable":true,"href":"https:\/\/xon.com.tr\/tur\/wp-json\/wp\/v2\/product_cat?post=20369"},{"taxonomy":"product_tag","embeddable":true,"href":"https:\/\/xon.com.tr\/tur\/wp-json\/wp\/v2\/product_tag?post=20369"}],"curies":[{"name":"wp","href":"https:\/\/api.w.org\/{rel}","templated":true}]}}