{"id":20373,"date":"2020-12-16T16:31:38","date_gmt":"2020-12-16T13:31:38","guid":{"rendered":"https:\/\/xon.com.tr\/tur\/?post_type=product&#038;p=20373"},"modified":"2020-12-16T16:40:30","modified_gmt":"2020-12-16T13:40:30","slug":"xon-19-mm-3-4-inc-kutu-tel-spiral","status":"publish","type":"product","link":"https:\/\/xon.com.tr\/tur\/magaza\/ciltleme\/ciltleme-malzemeleri\/xon-19-mm-3-4-inc-kutu-tel-spiral\/","title":{"rendered":"XON 19 MM. 3\/4 \u0130N\u00c7 KUTU TEL SP\u0130RAL"},"content":{"rendered":"","protected":false},"excerpt":{"rendered":"<p>&nbsp;<\/p>\n<ul>\n<li><strong>RENKLER : S\u0130YAH\/BEYAZ\/MAV\u0130\/KIRMIZI\/G\u00dcM\u00dc\u015e<\/strong><\/li>\n<li><strong>C\u0130LTLEME KALINLI\u011eI : 140-160 SAYFA<\/strong><\/li>\n<li><strong>C\u0130LTLEME S\u0130STEM\u0130 : 2:1(23 LOOP)<\/strong><\/li>\n<li><strong>ADET : 100 F\u0130YATI (S\u0130YAH\/BEYAZ) : 29,50 \u20ac<\/strong><\/li>\n<\/ul>\n","protected":false},"featured_media":0,"template":"","meta":[],"product_brand":[],"product_cat":[269],"product_tag":[270,128],"class_list":{"0":"post-20373","1":"product","2":"type-product","3":"status-publish","5":"product_cat-ciltleme-malzemeleri","6":"product_tag-ciltleme-malzemeleri","7":"product_tag-xon","9":"first","10":"instock","11":"taxable","12":"shipping-taxable","13":"purchasable","14":"product-type-simple"},"_links":{"self":[{"href":"https:\/\/xon.com.tr\/tur\/wp-json\/wp\/v2\/product\/20373","targetHints":{"allow":["GET"]}}],"collection":[{"href":"https:\/\/xon.com.tr\/tur\/wp-json\/wp\/v2\/product"}],"about":[{"href":"https:\/\/xon.com.tr\/tur\/wp-json\/wp\/v2\/types\/product"}],"wp:attachment":[{"href":"https:\/\/xon.com.tr\/tur\/wp-json\/wp\/v2\/media?parent=20373"}],"wp:term":[{"taxonomy":"product_brand","embeddable":true,"href":"https:\/\/xon.com.tr\/tur\/wp-json\/wp\/v2\/product_brand?post=20373"},{"taxonomy":"product_cat","embeddable":true,"href":"https:\/\/xon.com.tr\/tur\/wp-json\/wp\/v2\/product_cat?post=20373"},{"taxonomy":"product_tag","embeddable":true,"href":"https:\/\/xon.com.tr\/tur\/wp-json\/wp\/v2\/product_tag?post=20373"}],"curies":[{"name":"wp","href":"https:\/\/api.w.org\/{rel}","templated":true}]}}