{"id":20412,"date":"2020-12-17T23:09:58","date_gmt":"2020-12-17T20:09:58","guid":{"rendered":"https:\/\/xon.com.tr\/tur\/?post_type=product&#038;p=20412"},"modified":"2020-12-17T23:12:19","modified_gmt":"2020-12-17T20:12:19","slug":"xon-bobin-tel-spiral-3-4-inc19-mm","status":"publish","type":"product","link":"https:\/\/xon.com.tr\/tur\/magaza\/ciltleme\/ciltleme-malzemeleri\/xon-bobin-tel-spiral-3-4-inc19-mm\/","title":{"rendered":"XON BOB\u0130N TEL SP\u0130RAL 3\/4 \u0130N\u00c7(19 MM.)"},"content":{"rendered":"","protected":false},"excerpt":{"rendered":"<p>&nbsp;<\/p>\n<ul>\n<li><strong>RENKLER : S\u0130YAH\/BEYAZ\/MAV\u0130\/KIRMIZI\/G\u00dcM\u00dc\u015e<\/strong><\/li>\n<li><strong>C\u0130LTLEME KALINLI\u011eI : 140-160 SAYFA<\/strong><\/li>\n<li><strong>C\u0130LTLEME S\u0130STEM\u0130 : 2:1<\/strong><\/li>\n<li><strong>LOOP SAYISI : 8000 ADET<\/strong><\/li>\n<\/ul>\n","protected":false},"featured_media":0,"template":"","meta":[],"product_brand":[],"product_cat":[269],"product_tag":[270,128],"class_list":{"0":"post-20412","1":"product","2":"type-product","3":"status-publish","5":"product_cat-ciltleme-malzemeleri","6":"product_tag-ciltleme-malzemeleri","7":"product_tag-xon","9":"first","10":"instock","11":"taxable","12":"shipping-taxable","13":"purchasable","14":"product-type-simple"},"_links":{"self":[{"href":"https:\/\/xon.com.tr\/tur\/wp-json\/wp\/v2\/product\/20412","targetHints":{"allow":["GET"]}}],"collection":[{"href":"https:\/\/xon.com.tr\/tur\/wp-json\/wp\/v2\/product"}],"about":[{"href":"https:\/\/xon.com.tr\/tur\/wp-json\/wp\/v2\/types\/product"}],"wp:attachment":[{"href":"https:\/\/xon.com.tr\/tur\/wp-json\/wp\/v2\/media?parent=20412"}],"wp:term":[{"taxonomy":"product_brand","embeddable":true,"href":"https:\/\/xon.com.tr\/tur\/wp-json\/wp\/v2\/product_brand?post=20412"},{"taxonomy":"product_cat","embeddable":true,"href":"https:\/\/xon.com.tr\/tur\/wp-json\/wp\/v2\/product_cat?post=20412"},{"taxonomy":"product_tag","embeddable":true,"href":"https:\/\/xon.com.tr\/tur\/wp-json\/wp\/v2\/product_tag?post=20412"}],"curies":[{"name":"wp","href":"https:\/\/api.w.org\/{rel}","templated":true}]}}