{"id":20450,"date":"2020-12-18T20:11:15","date_gmt":"2020-12-18T17:11:15","guid":{"rendered":"https:\/\/xon.com.tr\/tur\/?post_type=product&#038;p=20450"},"modified":"2020-12-18T20:15:25","modified_gmt":"2020-12-18T17:15:25","slug":"xon-bobin-tel-spiral-3-8-inc-95-mm","status":"publish","type":"product","link":"https:\/\/xon.com.tr\/tur\/magaza\/ciltleme\/ciltleme-malzemeleri\/xon-bobin-tel-spiral-3-8-inc-95-mm\/","title":{"rendered":"XON BOB\u0130N TEL SP\u0130RAL 3\/8 \u0130N\u00c7 (9,5 MM.)"},"content":{"rendered":"","protected":false},"excerpt":{"rendered":"<p>&nbsp;<\/p>\n<ul>\n<li><strong>RENKLER : S\u0130YAH\/BEYAZ\/MAV\u0130\/KIRMIZI\/G\u00dcM\u00dc\u015e<\/strong><\/li>\n<li><strong>C\u0130LTLEME KALINLI\u011eI : 40-60 SAYFA<\/strong><\/li>\n<li><strong>C\u0130LTLEME S\u0130STEM\u0130 : 3:1<\/strong><\/li>\n<li><strong>LOOP SAYISI         : 46000 ADET<\/strong><\/li>\n<\/ul>\n","protected":false},"featured_media":0,"template":"","meta":[],"product_brand":[],"product_cat":[269],"product_tag":[270,128],"class_list":{"0":"post-20450","1":"product","2":"type-product","3":"status-publish","5":"product_cat-ciltleme-malzemeleri","6":"product_tag-ciltleme-malzemeleri","7":"product_tag-xon","9":"first","10":"instock","11":"taxable","12":"shipping-taxable","13":"purchasable","14":"product-type-simple"},"_links":{"self":[{"href":"https:\/\/xon.com.tr\/tur\/wp-json\/wp\/v2\/product\/20450","targetHints":{"allow":["GET"]}}],"collection":[{"href":"https:\/\/xon.com.tr\/tur\/wp-json\/wp\/v2\/product"}],"about":[{"href":"https:\/\/xon.com.tr\/tur\/wp-json\/wp\/v2\/types\/product"}],"wp:attachment":[{"href":"https:\/\/xon.com.tr\/tur\/wp-json\/wp\/v2\/media?parent=20450"}],"wp:term":[{"taxonomy":"product_brand","embeddable":true,"href":"https:\/\/xon.com.tr\/tur\/wp-json\/wp\/v2\/product_brand?post=20450"},{"taxonomy":"product_cat","embeddable":true,"href":"https:\/\/xon.com.tr\/tur\/wp-json\/wp\/v2\/product_cat?post=20450"},{"taxonomy":"product_tag","embeddable":true,"href":"https:\/\/xon.com.tr\/tur\/wp-json\/wp\/v2\/product_tag?post=20450"}],"curies":[{"name":"wp","href":"https:\/\/api.w.org\/{rel}","templated":true}]}}