{"id":20476,"date":"2020-12-18T21:37:42","date_gmt":"2020-12-18T18:37:42","guid":{"rendered":"https:\/\/xon.com.tr\/tur\/?post_type=product&#038;p=20476"},"modified":"2020-12-18T21:41:13","modified_gmt":"2020-12-18T18:41:13","slug":"xon-30-mm-helezon-spiral-cilt-malzemesi","status":"publish","type":"product","link":"https:\/\/xon.com.tr\/tur\/magaza\/ciltleme\/ciltleme-malzemeleri\/xon-30-mm-helezon-spiral-cilt-malzemesi\/","title":{"rendered":"XON 30 MM. HELEZON SP\u0130RAL C\u0130LT MALZEMES\u0130"},"content":{"rendered":"","protected":false},"excerpt":{"rendered":"<p>&nbsp;<\/p>\n<ul>\n<li><strong>C\u0130LTLEME KALINLI\u011eI : 281-320 SAYFA<\/strong><\/li>\n<li><strong>RENKLER : S\u0130YAH\/BEYAZ\/MAV\u0130\/KIRMIZI\/\u015eEFFAF<\/strong><\/li>\n<li><strong>ADET : 50<\/strong><\/li>\n<li><strong>F\u0130YATI : 20,50 \u20ac<\/strong><\/li>\n<li><strong>(\u0130ste\u011fe g\u00f6re de\u011fi\u015fik renklerde ve fosforlu \u00fcretim yap\u0131l\u0131r.)<\/strong><\/li>\n<\/ul>\n","protected":false},"featured_media":0,"template":"","meta":[],"product_brand":[],"product_cat":[269],"product_tag":[270,128],"class_list":{"0":"post-20476","1":"product","2":"type-product","3":"status-publish","5":"product_cat-ciltleme-malzemeleri","6":"product_tag-ciltleme-malzemeleri","7":"product_tag-xon","9":"first","10":"instock","11":"taxable","12":"shipping-taxable","13":"purchasable","14":"product-type-simple"},"_links":{"self":[{"href":"https:\/\/xon.com.tr\/tur\/wp-json\/wp\/v2\/product\/20476","targetHints":{"allow":["GET"]}}],"collection":[{"href":"https:\/\/xon.com.tr\/tur\/wp-json\/wp\/v2\/product"}],"about":[{"href":"https:\/\/xon.com.tr\/tur\/wp-json\/wp\/v2\/types\/product"}],"wp:attachment":[{"href":"https:\/\/xon.com.tr\/tur\/wp-json\/wp\/v2\/media?parent=20476"}],"wp:term":[{"taxonomy":"product_brand","embeddable":true,"href":"https:\/\/xon.com.tr\/tur\/wp-json\/wp\/v2\/product_brand?post=20476"},{"taxonomy":"product_cat","embeddable":true,"href":"https:\/\/xon.com.tr\/tur\/wp-json\/wp\/v2\/product_cat?post=20476"},{"taxonomy":"product_tag","embeddable":true,"href":"https:\/\/xon.com.tr\/tur\/wp-json\/wp\/v2\/product_tag?post=20476"}],"curies":[{"name":"wp","href":"https:\/\/api.w.org\/{rel}","templated":true}]}}