{"id":20737,"date":"2021-12-14T14:35:36","date_gmt":"2021-12-14T11:35:36","guid":{"rendered":"https:\/\/xon.com.tr\/tur\/?post_type=product&#038;p=20737"},"modified":"2021-12-14T15:02:19","modified_gmt":"2021-12-14T12:02:19","slug":"xon-50-d-isisal-cilt-makinesi","status":"publish","type":"product","link":"https:\/\/xon.com.tr\/tur\/magaza\/ciltleme\/isisal-cilt-makineleri\/xon-50-d-isisal-cilt-makinesi\/","title":{"rendered":"XON 40 D ISISAL C\u0130LT MAK\u0130NES\u0130"},"content":{"rendered":"","protected":false},"excerpt":{"rendered":"<ul>\n<li><strong>Ciltleme Uzunlu\u011fu \u00a0: 320 mm.<\/strong><\/li>\n<li><strong>Ciltleme Kal\u0131nl\u0131\u011f\u0131 : 40 mm.<\/strong><\/li>\n<li><strong>Tutkal Erime s\u00fcresi : 20 dk.<\/strong><\/li>\n<li><strong>Ciltleme H\u0131z\u0131 : 200\/250 adet \/ Saat<\/strong><\/li>\n<li><strong>Is\u0131nma S\u00fcresi : 25 dak.<\/strong><\/li>\n<li><strong>S\u0131k\u0131\u015ft\u0131rma Sistemi : Manuel<\/strong><\/li>\n<li><strong>Net A\u011f\u0131rl\u0131k : 65kg.<\/strong><\/li>\n<li><strong>Gerilim G\u00fc\u00e7 : AC220V \u00b1 %10 50HZ 1500KW<\/strong><\/li>\n<li><strong>Boyutlar : 125*380*365 mm<\/strong><\/li>\n<li><strong>Garanti : 2 Y\u0131l<\/strong><\/li>\n<\/ul>\n","protected":false},"featured_media":20740,"template":"","meta":[],"product_brand":[],"product_cat":[46,259],"product_tag":[],"class_list":{"0":"post-20737","1":"product","2":"type-product","3":"status-publish","4":"has-post-thumbnail","6":"product_cat-ciltleme","7":"product_cat-isisal-cilt-makineleri","9":"first","10":"instock","11":"taxable","12":"shipping-taxable","13":"purchasable","14":"product-type-simple"},"_links":{"self":[{"href":"https:\/\/xon.com.tr\/tur\/wp-json\/wp\/v2\/product\/20737","targetHints":{"allow":["GET"]}}],"collection":[{"href":"https:\/\/xon.com.tr\/tur\/wp-json\/wp\/v2\/product"}],"about":[{"href":"https:\/\/xon.com.tr\/tur\/wp-json\/wp\/v2\/types\/product"}],"wp:featuredmedia":[{"embeddable":true,"href":"https:\/\/xon.com.tr\/tur\/wp-json\/wp\/v2\/media\/20740"}],"wp:attachment":[{"href":"https:\/\/xon.com.tr\/tur\/wp-json\/wp\/v2\/media?parent=20737"}],"wp:term":[{"taxonomy":"product_brand","embeddable":true,"href":"https:\/\/xon.com.tr\/tur\/wp-json\/wp\/v2\/product_brand?post=20737"},{"taxonomy":"product_cat","embeddable":true,"href":"https:\/\/xon.com.tr\/tur\/wp-json\/wp\/v2\/product_cat?post=20737"},{"taxonomy":"product_tag","embeddable":true,"href":"https:\/\/xon.com.tr\/tur\/wp-json\/wp\/v2\/product_tag?post=20737"}],"curies":[{"name":"wp","href":"https:\/\/api.w.org\/{rel}","templated":true}]}}